{"id":3009,"date":"2025-05-30T09:41:17","date_gmt":"2025-05-30T09:41:17","guid":{"rendered":"https:\/\/humanic.al\/?page_id=3009"},"modified":"2025-07-02T14:51:35","modified_gmt":"2025-07-02T14:51:35","slug":"hyr","status":"publish","type":"page","link":"https:\/\/humanic.al\/al\/hyr\/","title":{"rendered":"Hyr"},"content":{"rendered":"<div data-elementor-type=\"wp-page\" data-elementor-id=\"3009\" class=\"elementor elementor-3009\" data-elementor-post-type=\"page\">\n\t\t\t\t<div class=\"elementor-element elementor-element-82a29e5 e-flex e-con-boxed e-con e-parent\" data-id=\"82a29e5\" data-element_type=\"container\">\n\t\t\t\t\t<div class=\"e-con-inner\">\n\t\t<div class=\"elementor-element elementor-element-80ddfdf e-con-full e-flex e-con e-child\" data-id=\"80ddfdf\" data-element_type=\"container\" data-settings=\"{&quot;background_background&quot;:&quot;classic&quot;}\">\n\t\t<div class=\"elementor-element elementor-element-f93c379 e-con-full e-flex e-con e-child\" data-id=\"f93c379\" data-element_type=\"container\">\n\t\t\t\t<div class=\"elementor-element elementor-element-6c335d6 elementor-widget__width-initial elementor-widget elementor-widget-image\" data-id=\"6c335d6\" data-element_type=\"widget\" data-widget_type=\"image.default\">\n\t\t\t\t<div class=\"elementor-widget-container\">\n\t\t\t\t\t\t\t\t\t\t\t\t\t\t\t<img fetchpriority=\"high\" decoding=\"async\" width=\"1200\" height=\"228\" src=\"https:\/\/humanic.al\/wp-content\/uploads\/2024\/11\/humanics-script-logo-light-3-1.png\" class=\"attachment-full size-full wp-image-2727\" alt=\"\" srcset=\"https:\/\/humanic.al\/wp-content\/uploads\/2024\/11\/humanics-script-logo-light-3-1.png 1200w, https:\/\/humanic.al\/wp-content\/uploads\/2024\/11\/humanics-script-logo-light-3-1-300x57.png 300w, https:\/\/humanic.al\/wp-content\/uploads\/2024\/11\/humanics-script-logo-light-3-1-1024x195.png 1024w, https:\/\/humanic.al\/wp-content\/uploads\/2024\/11\/humanics-script-logo-light-3-1-768x146.png 768w, https:\/\/humanic.al\/wp-content\/uploads\/2024\/11\/humanics-script-logo-light-3-1-18x3.png 18w, https:\/\/humanic.al\/wp-content\/uploads\/2024\/11\/humanics-script-logo-light-3-1-24x5.png 24w, https:\/\/humanic.al\/wp-content\/uploads\/2024\/11\/humanics-script-logo-light-3-1-36x7.png 36w, https:\/\/humanic.al\/wp-content\/uploads\/2024\/11\/humanics-script-logo-light-3-1-48x9.png 48w\" sizes=\"(max-width: 1200px) 100vw, 1200px\" \/>\t\t\t\t\t\t\t\t\t\t\t\t\t\t\t<\/div>\n\t\t\t\t<\/div>\n\t\t<div class=\"elementor-element elementor-element-235af8b e-con-full e-flex e-con e-child\" data-id=\"235af8b\" data-element_type=\"container\">\n\t\t\t\t<div class=\"elementor-element elementor-element-80a59e1 elementor-widget elementor-widget-button\" data-id=\"80a59e1\" data-element_type=\"widget\" data-widget_type=\"button.default\">\n\t\t\t\t<div class=\"elementor-widget-container\">\n\t\t\t\t\t\t\t\t\t<div class=\"elementor-button-wrapper\">\n\t\t\t\t\t<a class=\"elementor-button elementor-button-link elementor-size-sm\" href=\"https:\/\/app.humanic.al\" target=\"_blank\">\n\t\t\t\t\t\t<span class=\"elementor-button-content-wrapper\">\n\t\t\t\t\t\t\t\t\t<span class=\"elementor-button-text\">Humanics CRM<\/span>\n\t\t\t\t\t<\/span>\n\t\t\t\t\t<\/a>\n\t\t\t\t<\/div>\n\t\t\t\t\t\t\t\t<\/div>\n\t\t\t\t<\/div>\n\t\t\t\t<div class=\"elementor-element elementor-element-3045cd3 elementor-widget elementor-widget-button\" data-id=\"3045cd3\" data-element_type=\"widget\" data-widget_type=\"button.default\">\n\t\t\t\t<div class=\"elementor-widget-container\">\n\t\t\t\t\t\t\t\t\t<div class=\"elementor-button-wrapper\">\n\t\t\t\t\t<a class=\"elementor-button elementor-button-link elementor-size-sm\" href=\"https:\/\/learn.humanic.al\/\" target=\"_blank\">\n\t\t\t\t\t\t<span class=\"elementor-button-content-wrapper\">\n\t\t\t\t\t\t\t\t\t<span class=\"elementor-button-text\">Humanics Academy<\/span>\n\t\t\t\t\t<\/span>\n\t\t\t\t\t<\/a>\n\t\t\t\t<\/div>\n\t\t\t\t\t\t\t\t<\/div>\n\t\t\t\t<\/div>\n\t\t\t\t<\/div>\n\t\t\t\t<div class=\"elementor-element elementor-element-4d36881 elementor-widget elementor-widget-heading\" data-id=\"4d36881\" data-element_type=\"widget\" data-widget_type=\"heading.default\">\n\t\t\t\t<div class=\"elementor-widget-container\">\n\t\t\t\t\t<h2 class=\"elementor-heading-title elementor-size-default\">Filloni t\u00eb p\u00ebrdorni App-et tona<\/h2>\t\t\t\t<\/div>\n\t\t\t\t<\/div>\n\t\t\t\t<div class=\"elementor-element elementor-element-25bf382 elementor-widget elementor-widget-text-editor\" data-id=\"25bf382\" data-element_type=\"widget\" data-widget_type=\"text-editor.default\">\n\t\t\t\t<div class=\"elementor-widget-container\">\n\t\t\t\t\t\t\t\t\t<p>Regjistrohuni n\u00eb CRM-n\u00eb ton\u00eb ose zgjidhni platform\u00ebn ton\u00eb t\u00eb e-learning \u2013 Humanics Academy.<\/p>\t\t\t\t\t\t\t\t<\/div>\n\t\t\t\t<\/div>\n\t\t\t\t<div class=\"elementor-element elementor-element-7e5945d elementor-widget__width-inherit elementor-widget elementor-widget-image\" data-id=\"7e5945d\" data-element_type=\"widget\" data-widget_type=\"image.default\">\n\t\t\t\t<div class=\"elementor-widget-container\">\n\t\t\t\t\t\t\t\t\t\t\t\t\t\t\t<img decoding=\"async\" width=\"1920\" height=\"892\" src=\"https:\/\/humanic.al\/wp-content\/uploads\/2025\/07\/startup-logo.png\" class=\"attachment-full size-full wp-image-3270\" alt=\"\" srcset=\"https:\/\/humanic.al\/wp-content\/uploads\/2025\/07\/startup-logo.png 1920w, https:\/\/humanic.al\/wp-content\/uploads\/2025\/07\/startup-logo-300x139.png 300w, https:\/\/humanic.al\/wp-content\/uploads\/2025\/07\/startup-logo-1024x476.png 1024w, https:\/\/humanic.al\/wp-content\/uploads\/2025\/07\/startup-logo-768x357.png 768w, https:\/\/humanic.al\/wp-content\/uploads\/2025\/07\/startup-logo-1536x714.png 1536w, https:\/\/humanic.al\/wp-content\/uploads\/2025\/07\/startup-logo-18x8.png 18w, https:\/\/humanic.al\/wp-content\/uploads\/2025\/07\/startup-logo-24x11.png 24w, https:\/\/humanic.al\/wp-content\/uploads\/2025\/07\/startup-logo-36x17.png 36w, https:\/\/humanic.al\/wp-content\/uploads\/2025\/07\/startup-logo-48x22.png 48w\" sizes=\"(max-width: 1920px) 100vw, 1920px\" \/>\t\t\t\t\t\t\t\t\t\t\t\t\t\t\t<\/div>\n\t\t\t\t<\/div>\n\t\t\t\t<\/div>\n\t\t\t\t<\/div>\n\t\t\t\t\t<\/div>\n\t\t\t\t<\/div>\n\t\t\t\t<\/div>","protected":false},"excerpt":{"rendered":"<p>Humanics CRM Humanics Academy Get started with us Sign up to our CRM or choose our learning platform &#8211; Humanics Academy.<\/p>","protected":false},"author":1,"featured_media":0,"parent":0,"menu_order":0,"comment_status":"closed","ping_status":"closed","template":"","meta":{"footnotes":""},"class_list":["post-3009","page","type-page","status-publish","hentry"],"_links":{"self":[{"href":"https:\/\/humanic.al\/al\/wp-json\/wp\/v2\/pages\/3009","targetHints":{"allow":["GET"]}}],"collection":[{"href":"https:\/\/humanic.al\/al\/wp-json\/wp\/v2\/pages"}],"about":[{"href":"https:\/\/humanic.al\/al\/wp-json\/wp\/v2\/types\/page"}],"author":[{"embeddable":true,"href":"https:\/\/humanic.al\/al\/wp-json\/wp\/v2\/users\/1"}],"replies":[{"embeddable":true,"href":"https:\/\/humanic.al\/al\/wp-json\/wp\/v2\/comments?post=3009"}],"version-history":[{"count":79,"href":"https:\/\/humanic.al\/al\/wp-json\/wp\/v2\/pages\/3009\/revisions"}],"predecessor-version":[{"id":3279,"href":"https:\/\/humanic.al\/al\/wp-json\/wp\/v2\/pages\/3009\/revisions\/3279"}],"wp:attachment":[{"href":"https:\/\/humanic.al\/al\/wp-json\/wp\/v2\/media?parent=3009"}],"curies":[{"name":"wp","href":"https:\/\/api.w.org\/{rel}","templated":true}]}}