{"id":60,"date":"2024-11-20T14:04:33","date_gmt":"2024-11-20T14:04:33","guid":{"rendered":"https:\/\/humanic.al\/?page_id=60"},"modified":"2025-06-11T20:32:10","modified_gmt":"2025-06-11T20:32:10","slug":"sherbimet","status":"publish","type":"page","link":"https:\/\/humanic.al\/al\/sherbimet\/","title":{"rendered":"Sh\u00ebrbimet"},"content":{"rendered":"<div data-elementor-type=\"wp-page\" data-elementor-id=\"60\" class=\"elementor elementor-60\" data-elementor-post-type=\"page\">\n\t\t\t\t<div class=\"elementor-element elementor-element-c710e89 e-flex e-con-boxed e-con e-parent\" data-id=\"c710e89\" data-element_type=\"container\" id=\"particles-js\">\n\t\t\t\t\t<div class=\"e-con-inner\">\n\t\t<div class=\"elementor-element elementor-element-c82e1b7 e-con-full e-flex e-con e-child\" data-id=\"c82e1b7\" data-element_type=\"container\">\n\t\t\t\t<div class=\"elementor-element elementor-element-53e05ab animated-fast elementor-widget elementor-widget-heading\" data-id=\"53e05ab\" data-element_type=\"widget\" data-settings=\"{&quot;_animation&quot;:&quot;none&quot;,&quot;_animation_delay&quot;:100}\" data-widget_type=\"heading.default\">\n\t\t\t\t<div class=\"elementor-widget-container\">\n\t\t\t\t\t<h2 class=\"elementor-heading-title elementor-size-default\">Personalizoni trajnimet tuaja me Humanics Business Solutions<\/h2>\t\t\t\t<\/div>\n\t\t\t\t<\/div>\n\t\t\t\t<div class=\"elementor-element elementor-element-6f8e05e animated-fast elementor-widget elementor-widget-text-editor\" data-id=\"6f8e05e\" data-element_type=\"widget\" data-settings=\"{&quot;_animation&quot;:&quot;none&quot;,&quot;_animation_delay&quot;:100}\" data-widget_type=\"text-editor.default\">\n\t\t\t\t<div class=\"elementor-widget-container\">\n\t\t\t\t\t\t\t\t\t<p>Zbuloni sh\u00ebrbimet tona t\u00eb plota t\u00eb auditeve t\u00eb siguris\u00eb, t\u00eb dizajnuara p\u00ebr t\u00eb plot\u00ebsuar t\u00eb gjitha nevojat tuaja p\u00ebr sigurin\u00eb n\u00eb vendin e pun\u00ebs. Nga vler\u00ebsimi i rrezikut deri te zgjidhjet e p\u00ebrputhshm\u00ebris\u00eb, ekipi yn\u00eb ekspert siguron standardet m\u00eb t\u00eb larta n\u00eb \u00e7do auditim.<\/p>\t\t\t\t\t\t\t\t<\/div>\n\t\t\t\t<\/div>\n\t\t\t\t<div class=\"elementor-element elementor-element-c5d6f02 blur elementor-hidden-tablet elementor-hidden-mobile elementor-widget elementor-widget-button\" data-id=\"c5d6f02\" data-element_type=\"widget\" data-widget_type=\"button.default\">\n\t\t\t\t<div class=\"elementor-widget-container\">\n\t\t\t\t\t\t\t\t\t<div class=\"elementor-button-wrapper\">\n\t\t\t\t\t<a class=\"elementor-button elementor-button-link elementor-size-sm\" href=\"https:\/\/web.whatsapp.com\/send\/?phone=355689900666&#038;text&#038;type=phone_number&#038;app_absent=0\" target=\"_blank\">\n\t\t\t\t\t\t<span class=\"elementor-button-content-wrapper\">\n\t\t\t\t\t\t\t\t\t<span class=\"elementor-button-text\">Na Kontaktoni<\/span>\n\t\t\t\t\t<\/span>\n\t\t\t\t\t<\/a>\n\t\t\t\t<\/div>\n\t\t\t\t\t\t\t\t<\/div>\n\t\t\t\t<\/div>\n\t\t\t\t<div class=\"elementor-element elementor-element-99f7ca3 blur elementor-hidden-desktop elementor-hidden-laptop elementor-widget elementor-widget-button\" data-id=\"99f7ca3\" data-element_type=\"widget\" data-widget_type=\"button.default\">\n\t\t\t\t<div class=\"elementor-widget-container\">\n\t\t\t\t\t\t\t\t\t<div class=\"elementor-button-wrapper\">\n\t\t\t\t\t<a class=\"elementor-button elementor-button-link elementor-size-sm\" href=\"https:\/\/wa.me\/355689900666\" target=\"_blank\">\n\t\t\t\t\t\t<span class=\"elementor-button-content-wrapper\">\n\t\t\t\t\t\t\t\t\t<span class=\"elementor-button-text\">Na Kontaktoni<\/span>\n\t\t\t\t\t<\/span>\n\t\t\t\t\t<\/a>\n\t\t\t\t<\/div>\n\t\t\t\t\t\t\t\t<\/div>\n\t\t\t\t<\/div>\n\t\t\t\t<\/div>\n\t\t\t\t<div class=\"elementor-element elementor-element-7533020 elementor-widget elementor-widget-html\" data-id=\"7533020\" data-element_type=\"widget\" data-widget_type=\"html.default\">\n\t\t\t\t<div class=\"elementor-widget-container\">\n\t\t\t\t\t<style>\r\n    .particles-js-canvas-el {\r\n    width: 100%;\r\n    height: 100%;\r\n    position: absolute;\r\n    z-index: 0;\r\n    top: 0;\r\n}\r\n<\/style>\r\n\r\n<script src=\"https:\/\/cdn.jsdelivr.net\/particles.js\/2.0.0\/particles.min.js\"><\/script> \r\n\r\n<script>\r\nparticlesJS(\"particles-js\", {\"particles\":{\"number\":{\"value\":95,\"density\":{\"enable\":true,\"value_area\":400}},\"color\":{\"value\":\"#770096\"},\"shape\":{\"type\":\"circle\",\"stroke\":{\"width\":0,\"color\":\"#000000\"},\"polygon\":{\"nb_sides\":5},\"image\":{\"src\":\"img\/github.svg\",\"width\":100,\"height\":100}},\"opacity\":{\"value\":0.5,\"random\":false,\"anim\":{\"enable\":false,\"speed\":1,\"opacity_min\":0.1,\"sync\":false}},\"size\":{\"value\":3,\"random\":true,\"anim\":{\"enable\":false,\"speed\":40,\"size_min\":0.1,\"sync\":false}},\"line_linked\":{\"enable\":true,\"distance\":150,\"color\":\"#ffffff\",\"opacity\":0.4,\"width\":1},\"move\":{\"enable\":true,\"speed\":6,\"direction\":\"none\",\"random\":false,\"straight\":false,\"out_mode\":\"out\",\"bounce\":false,\"attract\":{\"enable\":false,\"rotateX\":600,\"rotateY\":1200}}},\"interactivity\":{\"detect_on\":\"canvas\",\"events\":{\"onhover\":{\"enable\":true,\"mode\":\"repulse\"},\"onclick\":{\"enable\":true,\"mode\":\"push\"},\"resize\":true},\"modes\":{\"grab\":{\"distance\":400,\"line_linked\":{\"opacity\":1}},\"bubble\":{\"distance\":400,\"size\":40,\"duration\":2,\"opacity\":8,\"speed\":3},\"repulse\":{\"distance\":200,\"duration\":0.4},\"push\":{\"particles_nb\":4},\"remove\":{\"particles_nb\":2}}},\"retina_detect\":false});var count_particles, stats, update; stats = new Stats; stats.setMode(0); stats.domElement.style.position = 'absolute'; stats.domElement.style.left = '0px'; stats.domElement.style.top = '0px'; document.body.appendChild(stats.domElement); count_particles = document.querySelector('.js-count-particles'); update = function() { stats.begin(); stats.end(); if (window.pJSDom[0].pJS.particles && window.pJSDom[0].pJS.particles.array) { count_particles.innerText = window.pJSDom[0].pJS.particles.array.length; } requestAnimationFrame(update); }; requestAnimationFrame(update);;\r\n\r\n<\/script>\r\n\r\n\t\t\t\t<\/div>\n\t\t\t\t<\/div>\n\t\t\t\t\t<\/div>\n\t\t\t\t<\/div>\n\t\t<div class=\"elementor-element elementor-element-b1dd6d9 e-flex e-con-boxed e-con e-parent\" data-id=\"b1dd6d9\" data-element_type=\"container\">\n\t\t\t\t\t<div class=\"e-con-inner\">\n\t\t<div class=\"elementor-element elementor-element-1eae63c e-con-full e-flex e-con e-child\" data-id=\"1eae63c\" data-element_type=\"container\">\n\t\t\t\t<div class=\"elementor-element elementor-element-e6c42d7 elementor-flip-box--3d elementor-flip-box--effect-flip elementor-flip-box--direction-up elementor-widget elementor-widget-flip-box\" data-id=\"e6c42d7\" data-element_type=\"widget\" data-widget_type=\"flip-box.default\">\n\t\t\t\t<div class=\"elementor-widget-container\">\n\t\t\t\t\t\t\t<div class=\"elementor-flip-box\" tabindex=\"0\">\n\t\t\t<div class=\"elementor-flip-box__layer elementor-flip-box__front\">\n\t\t\t\t<div class=\"elementor-flip-box__layer__overlay\">\n\t\t\t\t\t<div class=\"elementor-flip-box__layer__inner\">\n\t\t\t\t\t\t\n\t\t\t\t\t\t\n\t\t\t\t\t\t\t\t\t\t\t<\/div>\n\t\t\t\t<\/div>\n\t\t\t<\/div>\n\t\t\t<div class=\"elementor-flip-box__layer elementor-flip-box__back\">\n\t\t\t<div class=\"elementor-flip-box__layer__overlay\">\n\t\t\t\t<div class=\"elementor-flip-box__layer__inner\">\n\t\t\t\t\t\t\t\t\t\t\t<h3 class=\"elementor-flip-box__layer__title\">\n\t\t\t\t\t\t\tOccupational Health &amp; Safety\t\t\t\t\t\t<\/h3>\n\t\t\t\t\t\n\t\t\t\t\t\t\t\t\t\t\t<div class=\"elementor-flip-box__layer__description\">\n\t\t\t\t\t\t\tSh\u00ebrbime profesionale t\u00eb sh\u00ebndetit n\u00eb pun\u00eb p\u00ebr t\u00eb monitoruar dhe p\u00ebrmir\u00ebsuar sh\u00ebndetin e punonj\u00ebsve, duke siguruar nj\u00eb mjedis pune t\u00eb sigurt dhe n\u00eb p\u00ebrputhje me k\u00ebrkesat ligjore.\t\t\t\t\t\t<\/div>\n\t\t\t\t\t\n\t\t\t\t\t\t\t\t<\/div>\n\t\t<\/div>\n\t\t<\/div>\n\t\t<\/div>\n\t\t\t\t\t\t<\/div>\n\t\t\t\t<\/div>\n\t\t\t\t<\/div>\n\t\t<div class=\"elementor-element elementor-element-6bbfcc8 e-con-full e-flex e-con e-child\" data-id=\"6bbfcc8\" data-element_type=\"container\">\n\t\t\t\t<div class=\"elementor-element elementor-element-7b814fc elementor-flip-box--3d elementor-flip-box--effect-flip elementor-flip-box--direction-up elementor-widget elementor-widget-flip-box\" data-id=\"7b814fc\" data-element_type=\"widget\" data-widget_type=\"flip-box.default\">\n\t\t\t\t<div class=\"elementor-widget-container\">\n\t\t\t\t\t\t\t<div class=\"elementor-flip-box\" tabindex=\"0\">\n\t\t\t<div class=\"elementor-flip-box__layer elementor-flip-box__front\">\n\t\t\t\t<div class=\"elementor-flip-box__layer__overlay\">\n\t\t\t\t\t<div class=\"elementor-flip-box__layer__inner\">\n\t\t\t\t\t\t\n\t\t\t\t\t\t\n\t\t\t\t\t\t\t\t\t\t\t<\/div>\n\t\t\t\t<\/div>\n\t\t\t<\/div>\n\t\t\t<div class=\"elementor-flip-box__layer elementor-flip-box__back\">\n\t\t\t<div class=\"elementor-flip-box__layer__overlay\">\n\t\t\t\t<div class=\"elementor-flip-box__layer__inner\">\n\t\t\t\t\t\t\t\t\t\t\t<h3 class=\"elementor-flip-box__layer__title\">\n\t\t\t\t\t\t\tSigurimi teknik n\u00eb kantier\t\t\t\t\t\t<\/h3>\n\t\t\t\t\t\n\t\t\t\t\t\t\t\t\t\t\t<div class=\"elementor-flip-box__layer__description\">\n\t\t\t\t\t\t\tMb\u00ebshtetje profesionale p\u00ebr t\u00eb siguruar standardet teknike dhe masat e siguris\u00eb n\u00eb kantier, duke minimizuar rreziqet dhe garantuar p\u00ebrputhshm\u00ebrin\u00eb me rregulloret ligjore.\t\t\t\t\t\t<\/div>\n\t\t\t\t\t\n\t\t\t\t\t\t\t\t<\/div>\n\t\t<\/div>\n\t\t<\/div>\n\t\t<\/div>\n\t\t\t\t\t\t<\/div>\n\t\t\t\t<\/div>\n\t\t\t\t<\/div>\n\t\t<div class=\"elementor-element elementor-element-fa7dbd6 e-con-full e-flex e-con e-child\" data-id=\"fa7dbd6\" data-element_type=\"container\">\n\t\t\t\t<div class=\"elementor-element elementor-element-d4861af elementor-flip-box--3d elementor-flip-box--effect-flip elementor-flip-box--direction-up elementor-widget elementor-widget-flip-box\" data-id=\"d4861af\" data-element_type=\"widget\" data-widget_type=\"flip-box.default\">\n\t\t\t\t<div class=\"elementor-widget-container\">\n\t\t\t\t\t\t\t<div class=\"elementor-flip-box\" tabindex=\"0\">\n\t\t\t<div class=\"elementor-flip-box__layer elementor-flip-box__front\">\n\t\t\t\t<div class=\"elementor-flip-box__layer__overlay\">\n\t\t\t\t\t<div class=\"elementor-flip-box__layer__inner\">\n\t\t\t\t\t\t\n\t\t\t\t\t\t\n\t\t\t\t\t\t\t\t\t\t\t<\/div>\n\t\t\t\t<\/div>\n\t\t\t<\/div>\n\t\t\t<div class=\"elementor-flip-box__layer elementor-flip-box__back\">\n\t\t\t<div class=\"elementor-flip-box__layer__overlay\">\n\t\t\t\t<div class=\"elementor-flip-box__layer__inner\">\n\t\t\t\t\t\t\t\t\t\t\t<h3 class=\"elementor-flip-box__layer__title\">\n\t\t\t\t\t\t\tAvokatur\u00eb\t\t\t\t\t\t<\/h3>\n\t\t\t\t\t\n\t\t\t\t\t\t\t\t\t\t\t<div class=\"elementor-flip-box__layer__description\">\n\t\t\t\t\t\t\tSh\u00ebrbime juridike profesionale p\u00ebr mbrojtjen e t\u00eb drejtave t\u00eb biznesit dhe punonj\u00ebsve, duke ofruar konsulenc\u00eb dhe asistenc\u00eb n\u00eb \u00e7\u00ebshtjet e siguris\u00eb, sh\u00ebndetit n\u00eb pun\u00eb dhe p\u00ebrputhshm\u00ebrin\u00eb ligjore.\t\t\t\t\t\t<\/div>\n\t\t\t\t\t\n\t\t\t\t\t\t\t\t<\/div>\n\t\t<\/div>\n\t\t<\/div>\n\t\t<\/div>\n\t\t\t\t\t\t<\/div>\n\t\t\t\t<\/div>\n\t\t\t\t<\/div>\n\t\t\t\t\t<\/div>\n\t\t\t\t<\/div>\n\t\t<div class=\"elementor-element elementor-element-3283142 e-flex e-con-boxed e-con e-parent\" data-id=\"3283142\" data-element_type=\"container\">\n\t\t\t\t\t<div class=\"e-con-inner\">\n\t\t<div class=\"elementor-element elementor-element-1b42a4f e-con-full e-flex e-con e-child\" data-id=\"1b42a4f\" data-element_type=\"container\">\n\t\t\t\t<div class=\"elementor-element elementor-element-dd1db1e elementor-flip-box--3d elementor-flip-box--effect-flip elementor-flip-box--direction-up elementor-widget elementor-widget-flip-box\" data-id=\"dd1db1e\" data-element_type=\"widget\" data-widget_type=\"flip-box.default\">\n\t\t\t\t<div class=\"elementor-widget-container\">\n\t\t\t\t\t\t\t<div class=\"elementor-flip-box\" tabindex=\"0\">\n\t\t\t<div class=\"elementor-flip-box__layer elementor-flip-box__front\">\n\t\t\t\t<div class=\"elementor-flip-box__layer__overlay\">\n\t\t\t\t\t<div class=\"elementor-flip-box__layer__inner\">\n\t\t\t\t\t\t\n\t\t\t\t\t\t\n\t\t\t\t\t\t\t\t\t\t\t<\/div>\n\t\t\t\t<\/div>\n\t\t\t<\/div>\n\t\t\t<div class=\"elementor-flip-box__layer elementor-flip-box__back\">\n\t\t\t<div class=\"elementor-flip-box__layer__overlay\">\n\t\t\t\t<div class=\"elementor-flip-box__layer__inner\">\n\t\t\t\t\t\t\t\t\t\t\t<h3 class=\"elementor-flip-box__layer__title\">\n\t\t\t\t\t\t\tTrajnime n\u00eb fush\u00ebn e siguris\u00eb dhe sh\u00ebndetit n\u00eb pun\u00eb\t\t\t\t\t\t<\/h3>\n\t\t\t\t\t\n\t\t\t\t\t\t\t\t\t\t\t<div class=\"elementor-flip-box__layer__description\">\n\t\t\t\t\t\t\tTrajnime profesionale p\u00ebr rritjen e nd\u00ebrgjegj\u00ebsimit dhe aft\u00ebsive n\u00eb sigurin\u00eb dhe sh\u00ebndetin n\u00eb pun\u00eb. Programet tona ndihmojn\u00eb punonj\u00ebsit dhe pun\u00ebdh\u00ebn\u00ebsit t\u00eb zbatojn\u00eb praktika t\u00eb sigurta dhe t\u00eb p\u00ebrmbushin standardet ligjore.\t\t\t\t\t\t<\/div>\n\t\t\t\t\t\n\t\t\t\t\t\t\t\t<\/div>\n\t\t<\/div>\n\t\t<\/div>\n\t\t<\/div>\n\t\t\t\t\t\t<\/div>\n\t\t\t\t<\/div>\n\t\t\t\t<\/div>\n\t\t<div class=\"elementor-element elementor-element-fd4c087 e-con-full e-flex e-con e-child\" data-id=\"fd4c087\" data-element_type=\"container\">\n\t\t\t\t<div class=\"elementor-element elementor-element-b606212 elementor-flip-box--3d elementor-flip-box--effect-flip elementor-flip-box--direction-up elementor-widget elementor-widget-flip-box\" data-id=\"b606212\" data-element_type=\"widget\" data-widget_type=\"flip-box.default\">\n\t\t\t\t<div class=\"elementor-widget-container\">\n\t\t\t\t\t\t\t<div class=\"elementor-flip-box\" tabindex=\"0\">\n\t\t\t<div class=\"elementor-flip-box__layer elementor-flip-box__front\">\n\t\t\t\t<div class=\"elementor-flip-box__layer__overlay\">\n\t\t\t\t\t<div class=\"elementor-flip-box__layer__inner\">\n\t\t\t\t\t\t\n\t\t\t\t\t\t\n\t\t\t\t\t\t\t\t\t\t\t<\/div>\n\t\t\t\t<\/div>\n\t\t\t<\/div>\n\t\t\t<div class=\"elementor-flip-box__layer elementor-flip-box__back\">\n\t\t\t<div class=\"elementor-flip-box__layer__overlay\">\n\t\t\t\t<div class=\"elementor-flip-box__layer__inner\">\n\t\t\t\t\t\t\t\t\t\t\t<h3 class=\"elementor-flip-box__layer__title\">\n\t\t\t\t\t\t\tKonsulenc\u00eb mbi sigurin\u00eb dhe sh\u00ebndetin n\u00eb pun\u00eb\t\t\t\t\t\t<\/h3>\n\t\t\t\t\t\n\t\t\t\t\t\t\t\t\t\t\t<div class=\"elementor-flip-box__layer__description\">\n\t\t\t\t\t\t\tKonsulenc\u00eb profesionale p\u00ebr t\u00eb ndihmuar bizneset t\u00eb identifikojn\u00eb rreziqet, t\u00eb zbatojn\u00eb masat mbrojt\u00ebse dhe t\u00eb sigurojn\u00eb nj\u00eb mjedis pune t\u00eb sigurt dhe n\u00eb p\u00ebrputhje me ligjin.\t\t\t\t\t\t<\/div>\n\t\t\t\t\t\n\t\t\t\t\t\t\t\t<\/div>\n\t\t<\/div>\n\t\t<\/div>\n\t\t<\/div>\n\t\t\t\t\t\t<\/div>\n\t\t\t\t<\/div>\n\t\t\t\t<\/div>\n\t\t<div class=\"elementor-element elementor-element-1f5fcaa e-con-full e-flex e-con e-child\" data-id=\"1f5fcaa\" data-element_type=\"container\">\n\t\t\t\t<div class=\"elementor-element elementor-element-0acb834 elementor-flip-box--3d elementor-flip-box--effect-flip elementor-flip-box--direction-up elementor-widget elementor-widget-flip-box\" data-id=\"0acb834\" data-element_type=\"widget\" data-widget_type=\"flip-box.default\">\n\t\t\t\t<div class=\"elementor-widget-container\">\n\t\t\t\t\t\t\t<div class=\"elementor-flip-box\" tabindex=\"0\">\n\t\t\t<div class=\"elementor-flip-box__layer elementor-flip-box__front\">\n\t\t\t\t<div class=\"elementor-flip-box__layer__overlay\">\n\t\t\t\t\t<div class=\"elementor-flip-box__layer__inner\">\n\t\t\t\t\t\t\n\t\t\t\t\t\t\n\t\t\t\t\t\t\t\t\t\t\t<\/div>\n\t\t\t\t<\/div>\n\t\t\t<\/div>\n\t\t\t<div class=\"elementor-flip-box__layer elementor-flip-box__back\">\n\t\t\t<div class=\"elementor-flip-box__layer__overlay\">\n\t\t\t\t<div class=\"elementor-flip-box__layer__inner\">\n\t\t\t\t\t\t\t\t\t\t\t<h3 class=\"elementor-flip-box__layer__title\">\n\t\t\t\t\t\t\tNd\u00ebrmjetsim n\u00eb tregun e pun\u00ebs\t\t\t\t\t\t<\/h3>\n\t\t\t\t\t\n\t\t\t\t\t\t\t\t\t\t\t<div class=\"elementor-flip-box__layer__description\">\n\t\t\t\t\t\t\tLidhim pun\u00ebk\u00ebrkuesit me pun\u00ebdh\u00ebn\u00ebsit, duke ofruar zgjidhje t\u00eb shpejta dhe efikase p\u00ebr nj\u00eb proces t\u00eb suksessh\u00ebm pun\u00ebsimi.\n\t\t\t\t\t\t<\/div>\n\t\t\t\t\t\n\t\t\t\t\t\t\t\t<\/div>\n\t\t<\/div>\n\t\t<\/div>\n\t\t<\/div>\n\t\t\t\t\t\t<\/div>\n\t\t\t\t<\/div>\n\t\t\t\t<\/div>\n\t\t\t\t\t<\/div>\n\t\t\t\t<\/div>\n\t\t<div class=\"elementor-element elementor-element-74c5291 e-flex e-con-boxed e-con e-parent\" data-id=\"74c5291\" data-element_type=\"container\">\n\t\t\t\t\t<div class=\"e-con-inner\">\n\t\t<div class=\"elementor-element elementor-element-826b46e e-con-full e-flex e-con e-child\" data-id=\"826b46e\" data-element_type=\"container\">\n\t\t\t\t<div class=\"elementor-element elementor-element-8d5256f elementor-flip-box--3d elementor-flip-box--effect-flip elementor-flip-box--direction-up elementor-widget elementor-widget-flip-box\" data-id=\"8d5256f\" data-element_type=\"widget\" data-widget_type=\"flip-box.default\">\n\t\t\t\t<div class=\"elementor-widget-container\">\n\t\t\t\t\t\t\t<div class=\"elementor-flip-box\" tabindex=\"0\">\n\t\t\t<div class=\"elementor-flip-box__layer elementor-flip-box__front\">\n\t\t\t\t<div class=\"elementor-flip-box__layer__overlay\">\n\t\t\t\t\t<div class=\"elementor-flip-box__layer__inner\">\n\t\t\t\t\t\t\n\t\t\t\t\t\t\n\t\t\t\t\t\t\t\t\t\t\t<\/div>\n\t\t\t\t<\/div>\n\t\t\t<\/div>\n\t\t\t<div class=\"elementor-flip-box__layer elementor-flip-box__back\">\n\t\t\t<div class=\"elementor-flip-box__layer__overlay\">\n\t\t\t\t<div class=\"elementor-flip-box__layer__inner\">\n\t\t\t\t\t\t\t\t\t\t\t<h3 class=\"elementor-flip-box__layer__title\">\n\t\t\t\t\t\t\tNgritja e k\u00ebshillit t\u00eb siguris\u00eb dhe sh\u00ebndetit n\u00eb pun\u00eb\t\t\t\t\t\t<\/h3>\n\t\t\t\t\t\n\t\t\t\t\t\t\t\t\t\t\t<div class=\"elementor-flip-box__layer__description\">\n\t\t\t\t\t\t\tNdihmojm\u00eb bizneset n\u00eb krijimin dhe organizimin e k\u00ebshillit t\u00eb siguris\u00eb dhe sh\u00ebndetit n\u00eb pun\u00eb, duke siguruar q\u00eb t\u00eb funksionoj\u00eb si nj\u00eb struktur\u00eb efektive p\u00ebr parandalimin e rreziqeve dhe p\u00ebrmir\u00ebsimin e kushteve t\u00eb pun\u00ebs.\t\t\t\t\t\t<\/div>\n\t\t\t\t\t\n\t\t\t\t\t\t\t\t<\/div>\n\t\t<\/div>\n\t\t<\/div>\n\t\t<\/div>\n\t\t\t\t\t\t<\/div>\n\t\t\t\t<\/div>\n\t\t\t\t<\/div>\n\t\t<div class=\"elementor-element elementor-element-83c7171 e-con-full e-flex e-con e-child\" data-id=\"83c7171\" data-element_type=\"container\">\n\t\t\t\t<div class=\"elementor-element elementor-element-d48d07b elementor-flip-box--3d elementor-flip-box--effect-flip elementor-flip-box--direction-up elementor-widget elementor-widget-flip-box\" data-id=\"d48d07b\" data-element_type=\"widget\" data-widget_type=\"flip-box.default\">\n\t\t\t\t<div class=\"elementor-widget-container\">\n\t\t\t\t\t\t\t<div class=\"elementor-flip-box\" tabindex=\"0\">\n\t\t\t<div class=\"elementor-flip-box__layer elementor-flip-box__front\">\n\t\t\t\t<div class=\"elementor-flip-box__layer__overlay\">\n\t\t\t\t\t<div class=\"elementor-flip-box__layer__inner\">\n\t\t\t\t\t\t\n\t\t\t\t\t\t\n\t\t\t\t\t\t\t\t\t\t\t<\/div>\n\t\t\t\t<\/div>\n\t\t\t<\/div>\n\t\t\t<div class=\"elementor-flip-box__layer elementor-flip-box__back\">\n\t\t\t<div class=\"elementor-flip-box__layer__overlay\">\n\t\t\t\t<div class=\"elementor-flip-box__layer__inner\">\n\t\t\t\t\t\t\t\t\t\t\t<h3 class=\"elementor-flip-box__layer__title\">\n\t\t\t\t\t\t\tHartimi i dokumentit t\u00eb vler\u00ebsimit t\u00eb rrezikut\t\t\t\t\t\t<\/h3>\n\t\t\t\t\t\n\t\t\t\t\t\t\t\t\t\t\t<div class=\"elementor-flip-box__layer__description\">\n\t\t\t\t\t\t\tNe hartojm\u00eb dokumente t\u00eb detajuara p\u00ebr vler\u00ebsimin e rrezikut, duke identifikuar dhe analizuar faktor\u00ebt e mundsh\u00ebm q\u00eb k\u00ebrc\u00ebnojn\u00eb sigurin\u00eb n\u00eb vendin e pun\u00ebs.\t\t\t\t\t\t<\/div>\n\t\t\t\t\t\n\t\t\t\t\t\t\t\t<\/div>\n\t\t<\/div>\n\t\t<\/div>\n\t\t<\/div>\n\t\t\t\t\t\t<\/div>\n\t\t\t\t<\/div>\n\t\t\t\t<\/div>\n\t\t<div class=\"elementor-element elementor-element-cb02553 e-con-full e-flex e-con e-child\" data-id=\"cb02553\" data-element_type=\"container\">\n\t\t\t\t<div class=\"elementor-element elementor-element-53ada69 elementor-flip-box--3d elementor-flip-box--effect-flip elementor-flip-box--direction-up elementor-widget elementor-widget-flip-box\" data-id=\"53ada69\" data-element_type=\"widget\" data-widget_type=\"flip-box.default\">\n\t\t\t\t<div class=\"elementor-widget-container\">\n\t\t\t\t\t\t\t<div class=\"elementor-flip-box\" tabindex=\"0\">\n\t\t\t<div class=\"elementor-flip-box__layer elementor-flip-box__front\">\n\t\t\t\t<div class=\"elementor-flip-box__layer__overlay\">\n\t\t\t\t\t<div class=\"elementor-flip-box__layer__inner\">\n\t\t\t\t\t\t\n\t\t\t\t\t\t\n\t\t\t\t\t\t\t\t\t\t\t<\/div>\n\t\t\t\t<\/div>\n\t\t\t<\/div>\n\t\t\t<div class=\"elementor-flip-box__layer elementor-flip-box__back\">\n\t\t\t<div class=\"elementor-flip-box__layer__overlay\">\n\t\t\t\t<div class=\"elementor-flip-box__layer__inner\">\n\t\t\t\t\t\t\t\t\t\t\t<h3 class=\"elementor-flip-box__layer__title\">\n\t\t\t\t\t\t\tKurse t\u00eb formimit profesional\t\t\t\t\t\t<\/h3>\n\t\t\t\t\t\n\t\t\t\t\t\t\t\t\t\t\t<div class=\"elementor-flip-box__layer__description\">\n\t\t\t\t\t\t\tNe hartojm\u00eb dokumente t\u00eb detajuara p\u00ebr vler\u00ebsimin e rrezikut, duke identifikuar dhe analizuar faktor\u00ebt e mundsh\u00ebm q\u00eb k\u00ebrc\u00ebnojn\u00eb sigurin\u00eb n\u00eb vendin e pun\u00ebs.\t\t\t\t\t\t<\/div>\n\t\t\t\t\t\n\t\t\t\t\t\t\t\t<\/div>\n\t\t<\/div>\n\t\t<\/div>\n\t\t<\/div>\n\t\t\t\t\t\t<\/div>\n\t\t\t\t<\/div>\n\t\t\t\t<\/div>\n\t\t\t\t\t<\/div>\n\t\t\t\t<\/div>\n\t\t\t\t<\/div>","protected":false},"excerpt":{"rendered":"<p>Personalize your learning series Discover our comprehensive safety audit services, designed to meet all your workplace safety needs. From risk assessment to compliance solutions, our expert team ensures the highest standards in every audit. Get in touch Get in touch Occupational Health &#038; Safety Professional occupational medicine services to monitor and improve employee health, ensuring [&hellip;]<\/p>","protected":false},"author":1,"featured_media":0,"parent":0,"menu_order":0,"comment_status":"closed","ping_status":"closed","template":"","meta":{"footnotes":""},"class_list":["post-60","page","type-page","status-publish","hentry"],"_links":{"self":[{"href":"https:\/\/humanic.al\/al\/wp-json\/wp\/v2\/pages\/60","targetHints":{"allow":["GET"]}}],"collection":[{"href":"https:\/\/humanic.al\/al\/wp-json\/wp\/v2\/pages"}],"about":[{"href":"https:\/\/humanic.al\/al\/wp-json\/wp\/v2\/types\/page"}],"author":[{"embeddable":true,"href":"https:\/\/humanic.al\/al\/wp-json\/wp\/v2\/users\/1"}],"replies":[{"embeddable":true,"href":"https:\/\/humanic.al\/al\/wp-json\/wp\/v2\/comments?post=60"}],"version-history":[{"count":220,"href":"https:\/\/humanic.al\/al\/wp-json\/wp\/v2\/pages\/60\/revisions"}],"predecessor-version":[{"id":3263,"href":"https:\/\/humanic.al\/al\/wp-json\/wp\/v2\/pages\/60\/revisions\/3263"}],"wp:attachment":[{"href":"https:\/\/humanic.al\/al\/wp-json\/wp\/v2\/media?parent=60"}],"curies":[{"name":"wp","href":"https:\/\/api.w.org\/{rel}","templated":true}]}}